{"id":43,"date":"2011-10-24T16:38:31","date_gmt":"2011-10-24T23:38:31","guid":{"rendered":"http:\/\/www.greendreamsocial.com\/?page_id=43"},"modified":"2012-08-22T01:34:00","modified_gmt":"2012-08-22T08:34:00","slug":"servicios","status":"publish","type":"page","link":"http:\/\/www.greendreamsocial.com\/espanol\/servicios\/","title":{"rendered":"Servicios"},"content":{"rendered":"<p><a href=\"http:\/\/www.greendreamsocial.com\/es\/\" target=\"_blank\">Green Dream Social<\/a> trabaja en conjunto con celebridades, m\u00fasicos, artistas, clubes, sellos discogr\u00e1ficos y otros para impulsar su presencia digital a trav\u00e9s de nuestros exclusivos servicios como agencia experta en medios sociales. Si bien las necesidades de cada cliente son diferentes, nuestras ofertas principales de servicios pueden ayudarlo en cualquier etapa en la que se encuentre en cuanto a la implementaci\u00f3n de medios sociales: (haga clic en cada secci\u00f3n para obtener m\u00e1s detalles sobre los respectivos servicios)<\/p>\n<h3><a title=\"Servicios \u2013 Optimizaci\u00f3n Marca Digital\" href=\"http:\/\/www.greendreamsocial.com\/espanol\/servicios\/optimizacion-marca-digita\/\">Optimizaci\u00f3n de la Marca Digital<\/a><\/h3>\n<h3><a title=\"Servicios \u2013 Gesti\u00f3n Estrat\u00e9gica de Medios Sociales\" href=\"http:\/\/www.greendreamsocial.com\/espanol\/servicios\/gestion-estrategica\/\">Gesti\u00f3n Estrat\u00e9gica de Medios Sociales<\/a><\/h3>\n<h3><a title=\"Servicios \u2013  Monetizaci\u00f3n de la Presencia en Medios Sociales\" href=\"http:\/\/www.greendreamsocial.com\/espanol\/servicios\/monetizacion-presencia\/\">Monetizaci\u00f3n de la Presencia en Medios Sociales<\/a><\/h3>\n<p>A trav\u00e9s de los servicios mencionados, podemos ayudar a lograr los siguientes resultados para usted y su marca en los medios sociales:<\/p>\n<ul>\n<li>Alinear su marca digital con las tendencias tecnol\u00f3gicas y la demograf\u00eda de los medios sociales<\/li>\n<li>Optimizar su presencia en medios digitales y sociales para lograr un mejor retorno de la inversi\u00f3n en estos medios<\/li>\n<li>Generar estrategias, optimizar y ejecutar de forma t\u00e1ctica las iniciativas actuales y futuras en medios sociales<\/li>\n<li>Aumentar su presencia digital relevante tanto en la web como en los medios sociales<\/li>\n<\/ul>\n<p>Green Dream Social emplea un proceso propio de 7 pasos a fin de garantizar que todos nuestros clientes puedan maximizar su presencia en los medios digitales y sociales sea cual sea el objetivo comercial que puedan tener. Antes de comunicarse con nosotros, comprender nuestra metodolog\u00eda le permitir\u00e1 contar con una idea general acerca del potencial de lo que podemos lograr para usted.<\/p>\n<p style=\"text-align: center;\"><img decoding=\"async\" loading=\"lazy\" class=\"aligncenter size-full wp-image-102\" title=\"Green Dream Social | Social Media Agency\" src=\"http:\/\/www.greendreamsocial.com\/wp-content\/uploads\/2011\/10\/icons1_16bit_600px.png\" alt=\"Social Media Services Methodology\" width=\"600\" height=\"86\" \/><\/p>\n<h3>Comprender<\/h3>\n<p>Debido a que los medios sociales cuentan con el potencial de impregnar todo lo que hacen los clientes y las empresas, cada cliente tiene objetivos diferentes para utilizar los medios sociales. Naturalmente, las estrategias para los clientes tambi\u00e9n difieren seg\u00fan el artista. Queremos comprender sus necesidades particulares en los medios sociales, ya que, como sabe, no hay ning\u00fan molde para los enfoques aplicables a estos medios. Si no podemos escucharlo y comprender sus necesidades, \u00bfc\u00f3mo podr\u00edamos representarlo ante sus fan\u00e1ticos?<\/p>\n<h3>Observar<\/h3>\n<p>Luego debemos realizar una auditor\u00eda acerca de su presencia digital actual, as\u00ed como tambi\u00e9n sobre lo que ha estado haciendo en los medios sociales, si corresponde. Esto tambi\u00e9n implica observar a su competencia y ver qu\u00e9 es lo que\u00a0<em>ellos<\/em>\u00a0est\u00e1n haciendo. Sin embargo, el paso m\u00e1s importante es observar lo que hace en los medios sociales la audiencia a la que quiere llegar, ya sean sus fan\u00e1ticos actuales o sus futuros seguidores. Despu\u00e9s de todo, sin escucharlo, \u00bfc\u00f3mo podr\u00edamos saber qu\u00e9 oportunidades nos estamos perdiendo?<\/p>\n<h3>Desarrollar Estrategias<\/h3>\n<p>Green Dream Social se asoci\u00f3 a un reconocido l\u00edder en estrategia para medios sociales debido a que nos hemos dado cuenta de que se necesita una estrategia aplicable y personalizada exclusiva para cada cliente que aceptamos. Debemos caminar antes de correr, y cuando existe una estrategia vinculada a un objetivo comercial detr\u00e1s de todo lo que hacemos en los medios sociales, esto genera que nuestra actividad \u2013 y su retorno de la inversi\u00f3n \u2013 valgan la pena.<\/p>\n<h3>Construir<\/h3>\n<p>Construir a veces implica crear desde cero un nuevo sitio web, un blog, una aplicaci\u00f3n de Facebook o quiz\u00e1s un nuevo fondo para su presencia en Twitter con otro dise\u00f1o y teniendo en cuenta la estrategia para medios sociales que hemos creado. As\u00edmismo, ayudamos a artistas y a nuestros clientes a construir nuevas marcas, a fin de ayudarlo a monetizar todos los sue\u00f1os que tenga, y a establecer nuevas comunidades en donde se encuentran los clientes a los que desea llegar.<\/p>\n<h3>Atraer<\/h3>\n<p>Sin atracci\u00f3n, da igual que cuente con una presencia en los medios sociales o no. Sus fan\u00e1ticos lo esperan, las tribus lo han estado buscando, y cuenta con la oportunidad de hallar y atraer a sus futuros fan\u00e1ticos. Creemos que los medios sociales se crearon para las personas, no para las empresas, y buscamos atraer a sus fan\u00e1ticos en un nivel personal y social. Asimismo, dise\u00f1amos una estrategia de atracci\u00f3n para ayudar a sus fan\u00e1ticos a correr la voz acerca de usted.<\/p>\n<h3>Medir<\/h3>\n<p>Si tan solo \u201cact\u00faa\u201d en los medios sociales, \u00bfc\u00f3mo saber si lo est\u00e1 haciendo bien? Solamente a trav\u00e9s de nuestra medici\u00f3n de su actividad, seg\u00fan lo determine nuestra estrategia y m\u00e9trica inicial que empleamos para dar seguimiento a su desempe\u00f1o con relaci\u00f3n a nuestros objetivos, podremos determinar cu\u00e1n exitoso es usted \u2013 y, lo que es a\u00fan m\u00e1s importante \u2013 conocer el\u00a0<em>por qu\u00e9<\/em>\u00a0de su \u00e9xito a fin de aprovechar esa informaci\u00f3n.<\/p>\n<h3>Optimizar<\/h3>\n<p>En Green Dream Social nos encanta superar sus expectativas. La \u00fanica forma de lograrlo es a trav\u00e9s de la optimizaci\u00f3n de nuestras t\u00e1cticas y estrategias a trav\u00e9s de un proceso infinito de nuestra versi\u00f3n de Kaizen: experimentaci\u00f3n y creatividad. Con base en los datos de la medici\u00f3n y la m\u00e9trica, conocemos m\u00e1s acerca de lo que funciona para la audiencia a la que quiere llegar y lo que no \u2013 y continuamente buscamos la optimizaci\u00f3n a fin de ayudarlo a maximizar su retorno de la inversi\u00f3n en los medios digitales y sociales.<\/p>\n<p>\u00bfEst\u00e1 listo para comenzar a trabajar con Green Dream Social?\u00a0<a title=\"Contacto\" href=\"http:\/\/www.greendreamsocial.com\/espanol\/contact\/\" target=\"_blank\">\u00a1Comun\u00edquese con nosotros para una consulta gratuita!<\/a><\/p>\n","protected":false},"excerpt":{"rendered":"<p>Green Dream Social trabaja en conjunto con celebridades, m\u00fasicos, artistas, clubes, sellos discogr\u00e1ficos y otros para impulsar su presencia digital a trav\u00e9s de nuestros exclusivos servicios como agencia experta en medios sociales. Si bien las necesidades de cada cliente son diferentes, nuestras ofertas principales de servicios pueden ayudarlo en cualquier etapa en la que se [&hellip;]<\/p>\n","protected":false},"author":1,"featured_media":0,"parent":0,"menu_order":0,"comment_status":"closed","ping_status":"closed","template":"template-fullwidth.php","meta":[],"_links":{"self":[{"href":"http:\/\/www.greendreamsocial.com\/espanol\/wp-json\/wp\/v2\/pages\/43"}],"collection":[{"href":"http:\/\/www.greendreamsocial.com\/espanol\/wp-json\/wp\/v2\/pages"}],"about":[{"href":"http:\/\/www.greendreamsocial.com\/espanol\/wp-json\/wp\/v2\/types\/page"}],"author":[{"embeddable":true,"href":"http:\/\/www.greendreamsocial.com\/espanol\/wp-json\/wp\/v2\/users\/1"}],"replies":[{"embeddable":true,"href":"http:\/\/www.greendreamsocial.com\/espanol\/wp-json\/wp\/v2\/comments?post=43"}],"version-history":[{"count":8,"href":"http:\/\/www.greendreamsocial.com\/espanol\/wp-json\/wp\/v2\/pages\/43\/revisions"}],"predecessor-version":[{"id":433,"href":"http:\/\/www.greendreamsocial.com\/espanol\/wp-json\/wp\/v2\/pages\/43\/revisions\/433"}],"wp:attachment":[{"href":"http:\/\/www.greendreamsocial.com\/espanol\/wp-json\/wp\/v2\/media?parent=43"}],"curies":[{"name":"wp","href":"https:\/\/api.w.org\/{rel}","templated":true}]}}