{"id":41,"date":"2011-10-24T16:38:02","date_gmt":"2011-10-24T23:38:02","guid":{"rendered":"http:\/\/www.greendreamsocial.com\/?page_id=41"},"modified":"2012-08-22T00:31:19","modified_gmt":"2012-08-22T07:31:19","slug":"acerca","status":"publish","type":"page","link":"http:\/\/www.greendreamsocial.com\/espanol\/acerca\/","title":{"rendered":"Acerca de Nosotros"},"content":{"rendered":"<p><!--:en--><a title=\"Green Dream Social | Social Media Agency\" href=\"http:\/\/greendreamsocial.com\" target=\"_blank\">Green Dream Social<\/a>\u00a0se cre\u00f3 debido a la necesidad de establecer una agencia de vanguardia en medios sociales que aportara soluciones a la industria de la m\u00fasica, el entretenimiento y las charlas motivadoras. Todas estas industrias comparten la misma oportunidad: C\u00f3mo evitar recurrir a los canales tradicionales de marketing y conectarse directamente con el cliente final a trav\u00e9s del poder de los medios sociales. As\u00edmismo, dado que Green Dream Social surgi\u00f3 a trav\u00e9s de la prestaci\u00f3n de servicios al mundo latino en car\u00e1cter de agencia experta en medios sociales, Green Dream Social tambi\u00e9n es una experta en marketing en medios sociales para comunidades hispanohablantes en los Estados Unidos y el mundo latino.<\/p>\n<p>Green Dream Social fu\u00e9 fundada por una de las celebridades Mexicanas m\u00e1s famosas, <a href=\"http:\/\/pepeaguilar.com\/\" target=\"_blank\">Pepe Aguilar<\/a>, quien ahora comparte sus propias t\u00e1cticas y estrategias para aumentar los seguidores de un medio social con celebridades y empresas. Pepe sab\u00eda que las marcas deb\u00edan sobrepasar los medios tradicionales y establecer una comunicaci\u00f3n directa con sus fan\u00e1ticos a trav\u00e9s de los medios sociales. Las empresas y celebridades ahora lo comprenden, e intentan aprender de qu\u00e9 forma utilizar los medios sociales y comunicarse con sus fan\u00e1ticos actuales y potenciales de forma \u00f3ptima para atraer m\u00e1s visitas \u2013 y oportunidades comerciales \u2013 a sus medios digitales.<\/p>\n<p>Al crear Green Dream Social, Pepe se rode\u00f3 de expertos y especialistas en medios sociales que sab\u00edan c\u00f3mo tomar una marca, representarla de la mejor forma en Internet y comenzar a construir y optimizar comunidades en los medios sociales y al mismo tiempo atraer fan\u00e1ticos y construir redes que mejoren las futuras oportunidades comerciales.<\/p>\n<p>&nbsp;<\/p>\n<h2><img decoding=\"async\" loading=\"lazy\" class=\"alignleft size-thumbnail wp-image-68\" style=\"margin-left: 5px; margin-right: 5px;\" title=\"Pepe Aguilar Green Dream Social\" src=\"http:\/\/www.greendreamsocial.com\/wp-content\/uploads\/2011\/10\/370x270_PEPE-AGUILAR-150x150.jpg\" alt=\"Social Media Agency Musicians Artists Celebrities\" width=\"100\" height=\"100\" \/>Pepe Aguilar &#8211;\u00a0Fundador y Presidente<\/h2>\n<p>Pepe es un pionero en la industria de la m\u00fasica y los medios sociales ya que forja relaciones directas con los consumidores, mejorando la experiencia de este a trav\u00e9s de usos creativos y de vanguardia de los medios sociales. Pepe dirige el proceso creativo para cada cliente de Green Dream Social y garantiza una experiencia m\u00e1gica en los medios sociales para el consumidor final.<\/p>\n<p>&nbsp;<\/p>\n<h2><a href=\"http:\/\/www.greendreamsocial.com\/wp-content\/uploads\/2011\/10\/madmen_icon-copy.jpg\"><img decoding=\"async\" loading=\"lazy\" class=\"alignleft  wp-image-353\" title=\"GV_icon copy\" src=\"http:\/\/www.greendreamsocial.com\/wp-content\/uploads\/2011\/10\/madmen_icon-copy-150x150.jpg\" alt=\"\" width=\"100\" height=\"100\" \/><\/a>Gerardo Vergara &#8211; Vicepresidente de Operaciones<\/h2>\n<p>Como ejecutivo de la industria musical que ha trabajado para l\u00edderes tales como Warner Music International y Univision Music Group, Gerardo no solo aporta su experiencia en marketing para mejorar la estrategia para todos los clientes de Green Dream Social, sino que tambi\u00e9n se asegura de que las actividades en los medios sociales se desarrollen conforme al plan y se logre la satisfacci\u00f3n del cliente en todos los aspectos.<\/p>\n<p>&nbsp;<\/p>\n<h2><img decoding=\"async\" loading=\"lazy\" class=\"alignleft size-full wp-image-70\" style=\"margin-left: 5px; margin-right: 5px;\" title=\"Neal Schaffer Green Dream Social Media Agency\" src=\"http:\/\/www.greendreamsocial.com\/wp-content\/uploads\/2011\/10\/Neal-Schaffer-Headshot-100x100.jpg\" alt=\"Social Media Agency Musicians Artists Celebrities\" width=\"100\" height=\"100\" \/>Neal Schaffer &#8211;\u00a0Vicepresidente de Estrategia en Medios Sociales<\/h2>\n<p>Neal aporta su liderazgo en la industria del marketing en medios sociales a fin de ayudar a que cada cliente de Green Dream logre un enfoque estrat\u00e9gico para los medios sociales, y se asegura de que los esfuerzos en los medios sociales den como resultado un retorno de la inversi\u00f3n positivo. Neal fue elegido por la revista <a href=\"http:\/\/www.forbes.com\/sites\/haydnshaughnessy\/2012\/01\/25\/who-are-the-top-50-social-media-power-influencers\/2\/\" target=\"_blank\">Forbes como una de las 30 personas m\u00e1s influyentes en los medios sociales<\/a> y por <a href=\"http:\/\/windmillnetworking.com\/blog\/\" target=\"_blank\">AdAge como uno de los mejores 100 bloggers<\/a>. <a href=\"http:\/\/www.amazon.com\/Neal-Schaffer\/e\/B002R440WQ\" target=\"_blank\">Es autor de dos libros sobre medios sociales<\/a> y un orador frecuente en temas relacionados a estos medios. Por lo tanto, su experiencia garantiza que los clientes de Green Dream se mantengan a la vanguardia de los medios sociales.<\/p>\n<p>&nbsp;<\/p>\n<h2><img decoding=\"async\" loading=\"lazy\" class=\"alignleft size-full wp-image-71\" style=\"margin-left: 5px; margin-right: 5px;\" title=\"Karla Hernandez Green Dream Social Media Agency\" src=\"http:\/\/www.greendreamsocial.com\/wp-content\/uploads\/2011\/10\/karla-hernandez.jpeg\" alt=\"Social Media Agency Musicians Artists Celebrities\" width=\"100\" height=\"100\" \/>Karla Hernandez &#8211; Gerente de Medios Sociales<\/h2>\n<p>Karla es la hechicera de medios sociales de Green Dream Social, generando una atracci\u00f3n desde el inicio y construyendo comunidades de la nada. Es una experta en todas las plataformas de medios sociales y cuenta con experiencia en respaldar a cientos de miles de fan\u00e1ticos. Se desempe\u00f1a como gerente de proyecto y como emprendedora en medios sociales. Karla se asegura de que las t\u00e1cticas aplicables a los medios sociales se apliquen para el beneficio total tanto de las empresas y como de los fan\u00e1ticos.<\/p>\n<p>&nbsp;<\/p>\n<h3 style=\"text-align: left;\"><\/h3>\n<p>&nbsp;<\/p>\n<p><!--:--><\/p>\n","protected":false},"excerpt":{"rendered":"<p>Green Dream Social\u00a0se cre\u00f3 debido a la necesidad de establecer una agencia de vanguardia en medios sociales que aportara soluciones a la industria de la m\u00fasica, el entretenimiento y las charlas motivadoras. Todas estas industrias comparten la misma oportunidad: C\u00f3mo evitar recurrir a los canales tradicionales de marketing y conectarse directamente con el cliente final [&hellip;]<\/p>\n","protected":false},"author":1,"featured_media":0,"parent":0,"menu_order":0,"comment_status":"open","ping_status":"closed","template":"template-fullwidth.php","meta":[],"_links":{"self":[{"href":"http:\/\/www.greendreamsocial.com\/espanol\/wp-json\/wp\/v2\/pages\/41"}],"collection":[{"href":"http:\/\/www.greendreamsocial.com\/espanol\/wp-json\/wp\/v2\/pages"}],"about":[{"href":"http:\/\/www.greendreamsocial.com\/espanol\/wp-json\/wp\/v2\/types\/page"}],"author":[{"embeddable":true,"href":"http:\/\/www.greendreamsocial.com\/espanol\/wp-json\/wp\/v2\/users\/1"}],"replies":[{"embeddable":true,"href":"http:\/\/www.greendreamsocial.com\/espanol\/wp-json\/wp\/v2\/comments?post=41"}],"version-history":[{"count":5,"href":"http:\/\/www.greendreamsocial.com\/espanol\/wp-json\/wp\/v2\/pages\/41\/revisions"}],"predecessor-version":[{"id":415,"href":"http:\/\/www.greendreamsocial.com\/espanol\/wp-json\/wp\/v2\/pages\/41\/revisions\/415"}],"wp:attachment":[{"href":"http:\/\/www.greendreamsocial.com\/espanol\/wp-json\/wp\/v2\/media?parent=41"}],"curies":[{"name":"wp","href":"https:\/\/api.w.org\/{rel}","templated":true}]}}