{"id":244,"date":"2012-01-18T16:00:34","date_gmt":"2012-01-19T00:00:34","guid":{"rendered":"http:\/\/www.greendreamsocial.com\/?page_id=244"},"modified":"2017-07-18T12:40:02","modified_gmt":"2017-07-18T19:40:02","slug":"monetizacion-presencia","status":"publish","type":"page","link":"http:\/\/www.greendreamsocial.com\/espanol\/servicios\/monetizacion-presencia\/","title":{"rendered":"Servicios &#8211;  Monetizaci\u00f3n de la Presencia en Medios Sociales"},"content":{"rendered":"<p>Mientras que los medios sociales se convierten en parte de su infraestructura de Marketing, tambi\u00e9n le permiten hallar nuevos clientes y formas de vender sus productos y servicios a su base actual de fan\u00e1ticos. Al ayudarlo a impulsar su presencia digital, podemos llegar a nuestros fan\u00e1ticos y publicitar nuestras \u00faltimas novedades de forma natural, y tambi\u00e9n recibir comentarios de nuestra base de fan\u00e1ticos en los medios sociales acerca de qu\u00e9 productos nuevos podr\u00edan interesarles.<\/p>\n<p>Al vincular un retorno de la inversi\u00f3n a su presencia en medios digitales y sociales, podemos comenzar a ayudarlo a ver el potencial retorno de la inversi\u00f3n positivo que pueden generar sus actividades en medios sociales. Lo que es m\u00e1s importante, podemos ayudarlo a ramificar su marca actual y a crear otras completamente nuevas.<\/p>\n<p>Perm\u00edtanos ayudarlo a monetizar su presencia en medios digitales y sociales a trav\u00e9s de nuestra exclusiva experiencia en el lanzamiento de nuevas marcas a trav\u00e9s de medios sociales y nuestra red de relaciones con marcas, sea cual sea el objetivo comercial que usted pueda tener.<\/p>\n<p style=\"text-align: center;\"><a href=\"http:\/\/www.greendreamsocial.com\/wp-content\/uploads\/2012\/01\/Green-Dream-Social-Presence-Monetization.jpg\"><img decoding=\"async\" loading=\"lazy\" class=\"aligncenter size-full wp-image-271\" title=\"Green Dream Social Presence Monetization\" src=\"http:\/\/www.greendreamsocial.com\/wp-content\/uploads\/2012\/01\/Green-Dream-Social-Presence-Monetization.jpg\" alt=\"Social Media Agency ROI Monetize\" width=\"870\" height=\"296\" \/><\/a><\/p>\n<h3>\u00bfNecesita ayuda para mejorar el retorno de la inversi\u00f3n o monetizar su presencia en los medios sociales?\u00a0<a href=\"http:\/\/www.greendreamsocial.com\/espanol\/contact\/\" target=\"_blank\">\u00a1Comun\u00edquese con nosotros para una consulta sin compromiso!<\/a><\/h3>\n<p>&nbsp;<\/p>\n<p><!--:--><\/p>\n","protected":false},"excerpt":{"rendered":"<p>Mientras que los medios sociales se convierten en parte de su infraestructura de Marketing, tambi\u00e9n le permiten hallar nuevos clientes y formas de vender sus productos y servicios a su base actual de fan\u00e1ticos. Al ayudarlo a impulsar su presencia digital, podemos llegar a nuestros fan\u00e1ticos y publicitar nuestras \u00faltimas novedades de forma natural, y [&hellip;]<\/p>\n","protected":false},"author":1,"featured_media":0,"parent":43,"menu_order":0,"comment_status":"open","ping_status":"open","template":"template-fullwidth.php","meta":[],"_links":{"self":[{"href":"http:\/\/www.greendreamsocial.com\/espanol\/wp-json\/wp\/v2\/pages\/244"}],"collection":[{"href":"http:\/\/www.greendreamsocial.com\/espanol\/wp-json\/wp\/v2\/pages"}],"about":[{"href":"http:\/\/www.greendreamsocial.com\/espanol\/wp-json\/wp\/v2\/types\/page"}],"author":[{"embeddable":true,"href":"http:\/\/www.greendreamsocial.com\/espanol\/wp-json\/wp\/v2\/users\/1"}],"replies":[{"embeddable":true,"href":"http:\/\/www.greendreamsocial.com\/espanol\/wp-json\/wp\/v2\/comments?post=244"}],"version-history":[{"count":4,"href":"http:\/\/www.greendreamsocial.com\/espanol\/wp-json\/wp\/v2\/pages\/244\/revisions"}],"predecessor-version":[{"id":507,"href":"http:\/\/www.greendreamsocial.com\/espanol\/wp-json\/wp\/v2\/pages\/244\/revisions\/507"}],"up":[{"embeddable":true,"href":"http:\/\/www.greendreamsocial.com\/espanol\/wp-json\/wp\/v2\/pages\/43"}],"wp:attachment":[{"href":"http:\/\/www.greendreamsocial.com\/espanol\/wp-json\/wp\/v2\/media?parent=244"}],"curies":[{"name":"wp","href":"https:\/\/api.w.org\/{rel}","templated":true}]}}