{"id":222,"date":"2012-01-11T19:16:15","date_gmt":"2012-01-12T03:16:15","guid":{"rendered":"http:\/\/www.greendreamsocial.com\/?page_id=222"},"modified":"2017-07-18T12:38:23","modified_gmt":"2017-07-18T19:38:23","slug":"gestion-estrategica","status":"publish","type":"page","link":"http:\/\/www.greendreamsocial.com\/espanol\/servicios\/gestion-estrategica\/","title":{"rendered":"Servicios &#8211; Gesti\u00f3n Estrat\u00e9gica de Medios Sociales"},"content":{"rendered":"<p>El servicio principal que ofrece Green Dream Social como <a href=\"http:\/\/www.greendreamsocial.com\/espanol\/servicios\/\" target=\"_blank\">agencia especializada en medios sociales<\/a> es la gesti\u00f3n estrat\u00e9gica de su presencia en estos medios.<\/p>\n<h4><img decoding=\"async\" loading=\"lazy\" class=\"alignright wp-image-254\" title=\"Top view of business men and women working on blueprint\" src=\"http:\/\/www.greendreamsocial.com\/wp-content\/uploads\/2012\/01\/Green-Dream-Social-Strategy1.jpg\" alt=\"Social Media Agency Social Media Strategic Management\" width=\"158\" height=\"105\" \/>Estrategia<\/h4>\n<p>La atracci\u00f3n de cada cliente comienza con la creaci\u00f3n de un plan estrat\u00e9gico y personalizado aplicable a los medios sociales, dise\u00f1ado a medida para cumplir con los objetivos espec\u00edficos de cada cliente. Esta estrategia se crea de forma consultiva, y se convierte en el documento rector para la forma en que gestionamos sus perfiles en los medios sociales. Utilizamos procedimientos hol\u00edsticos a fin de crear una estrategia que combine el desarrollo de su marca con los objetivos en cuanto al contenido y a la atracci\u00f3n que se quiere generar para implementar una presencia m\u00e1s s\u00f3lida en los medios sociales y ayudar a \u201cimpulsar\u201d su presencia con base en la experiencia. Nuestro estratega especializado en medios sociales ha creado estrategias tanto para empresas de Fortune 500 como para emprendimientos que reci\u00e9n comienzan, desde m\u00fasicos a consultores, y confiamos ampliamente en nuestra capacidad para traducir sus objetivos comerciales en un plan para la atracci\u00f3n en los medios sociales.<\/p>\n<h4><img decoding=\"async\" loading=\"lazy\" class=\"alignright wp-image-255\" title=\"Green Dream Social Implementation\" src=\"http:\/\/www.greendreamsocial.com\/wp-content\/uploads\/2012\/01\/Green-Dream-Social-Implementation.jpg\" alt=\"Social Media Agency Social Media Strategic Management\" width=\"158\" height=\"105\" \/><\/h4>\n<h4>Implementaci\u00f3n<\/h4>\n<p>Bas\u00e1ndonos en esta estrategia que creamos junto a usted de forma consultiva, nos disponemos a gestionar sus perfiles en los medios sociales con la mayor eficiencia combinada con herramientas innovadoras y las mejores pr\u00e1cticas globales. Tambi\u00e9n utilizamos sus recursos internos siempre que sea posible. Utilizando nuestra propia metodolog\u00eda, aprendemos a hablar el idioma de su marca e implementamos t\u00e1cticas de escucha, creaci\u00f3n y actualizaci\u00f3n de contenidos y atracci\u00f3n que est\u00e1n en sinton\u00eda con la estrategia para medios sociales. Esto lo hacemos en todos los canales de medios sociales que consideramos como m\u00e1s efectivos para ayudarlo a alcanzar sus objetivos comerciales planteados en nuestro plan original.<\/p>\n<h4><img decoding=\"async\" loading=\"lazy\" class=\"alignright wp-image-259\" title=\"Close up of a social media results report with pen and calculator\" src=\"http:\/\/www.greendreamsocial.com\/wp-content\/uploads\/2012\/01\/Green-Dream-Social-Reporting.jpg\" alt=\"Social Media Agency Social Media Strategic Management\" width=\"158\" height=\"105\" \/><\/h4>\n<h4>Generaci\u00f3n de Informes<\/h4>\n<p>Le entregamos informes en forma peri\u00f3dica para los cuales utilizamos m\u00e9tricas y sistemas de an\u00e1lisis que determinamos en nuestro plan estrat\u00e9gico a fin de mostrar nuestro trabajo, recibir comentarios y planificar la estrategia para el pr\u00f3ximo mes. El informe se convierte en un documento interno que muestra los resultados de nuestro trabajo, y el retorno de su inversi\u00f3n en Green Dream Social. El mecanismo de generaci\u00f3n de informes es su garant\u00eda de que estamos trabajando para lograr los objetivos que usted nos describi\u00f3 en el plan estrat\u00e9gico para medios sociales.<\/p>\n<h4><img decoding=\"async\" loading=\"lazy\" class=\"alignright wp-image-261\" title=\"Green Dream Social Strategic Management\" src=\"http:\/\/www.greendreamsocial.com\/wp-content\/uploads\/2012\/01\/Green-Dream-Social-Strategic-Management.jpg\" alt=\"Social Media Agency Social Media Strategic Management\" width=\"158\" height=\"105\" \/><\/h4>\n<h4>Gesti\u00f3n Estrat\u00e9gica<\/h4>\n<p>Buscamos mantenernos al frente de las \u00faltimas tendencias en el panorama en constante cambio de los medios sociales a fin de gestionar y optimizar de forma estrat\u00e9gica sus propiedades en los medios sociales para la mejora continua del retorno de la inversi\u00f3n. Adem\u00e1s de las reuniones peri\u00f3dicas con la gerencia del equipo a fin de garantizar la calidad de nuestras implementaciones en los medios sociales, nuestro estratega especializado en estos medios genera personalmente informes as\u00ed como tambi\u00e9n t\u00e1cticas para asegurarse de que, si bien los medios sociales cambian en todo momento, los resultados de nuestras t\u00e1cticas se mantengan invariables.<\/p>\n<h3>\u00bfListo para dar el pr\u00f3ximo paso?\u00a0<a href=\"http:\/\/www.greendreamsocial.com\/espanol\/contact\/\" target=\"_blank\">\u00a1Comun\u00edquese con nosotros para una consulta sin compromiso!<\/a><\/h3>\n<p>&nbsp;<\/p>\n<p><!--:--><\/p>\n","protected":false},"excerpt":{"rendered":"<p>El servicio principal que ofrece Green Dream Social como agencia especializada en medios sociales es la gesti\u00f3n estrat\u00e9gica de su presencia en estos medios. Estrategia La atracci\u00f3n de cada cliente comienza con la creaci\u00f3n de un plan estrat\u00e9gico y personalizado aplicable a los medios sociales, dise\u00f1ado a medida para cumplir con los objetivos espec\u00edficos de [&hellip;]<\/p>\n","protected":false},"author":1,"featured_media":0,"parent":43,"menu_order":0,"comment_status":"open","ping_status":"closed","template":"template-fullwidth.php","meta":[],"_links":{"self":[{"href":"http:\/\/www.greendreamsocial.com\/espanol\/wp-json\/wp\/v2\/pages\/222"}],"collection":[{"href":"http:\/\/www.greendreamsocial.com\/espanol\/wp-json\/wp\/v2\/pages"}],"about":[{"href":"http:\/\/www.greendreamsocial.com\/espanol\/wp-json\/wp\/v2\/types\/page"}],"author":[{"embeddable":true,"href":"http:\/\/www.greendreamsocial.com\/espanol\/wp-json\/wp\/v2\/users\/1"}],"replies":[{"embeddable":true,"href":"http:\/\/www.greendreamsocial.com\/espanol\/wp-json\/wp\/v2\/comments?post=222"}],"version-history":[{"count":5,"href":"http:\/\/www.greendreamsocial.com\/espanol\/wp-json\/wp\/v2\/pages\/222\/revisions"}],"predecessor-version":[{"id":505,"href":"http:\/\/www.greendreamsocial.com\/espanol\/wp-json\/wp\/v2\/pages\/222\/revisions\/505"}],"up":[{"embeddable":true,"href":"http:\/\/www.greendreamsocial.com\/espanol\/wp-json\/wp\/v2\/pages\/43"}],"wp:attachment":[{"href":"http:\/\/www.greendreamsocial.com\/espanol\/wp-json\/wp\/v2\/media?parent=222"}],"curies":[{"name":"wp","href":"https:\/\/api.w.org\/{rel}","templated":true}]}}