{"id":200,"date":"2012-01-11T16:37:52","date_gmt":"2012-01-12T00:37:52","guid":{"rendered":"http:\/\/www.greendreamsocial.com\/?page_id=200"},"modified":"2017-07-18T12:33:40","modified_gmt":"2017-07-18T19:33:40","slug":"optimizacion-marca-digita","status":"publish","type":"page","link":"http:\/\/www.greendreamsocial.com\/espanol\/servicios\/optimizacion-marca-digita\/","title":{"rendered":"Servicios &#8211; Optimizaci\u00f3n Marca Digital"},"content":{"rendered":"<p><!--:en--><\/p>\n<p><!--:--><!--:es--><\/p>\n<p style=\"text-align: center;\"><img decoding=\"async\" loading=\"lazy\" class=\"aligncenter size-full wp-image-247\" title=\"Green Dream Social Developed Websites\" src=\"http:\/\/www.greendreamsocial.com\/wp-content\/uploads\/2012\/01\/Green-Dream-Social-Websites.jpg\" alt=\"Social Media Agency Digital Optimization Creative Website Development\" width=\"885\" height=\"270\" \/><\/p>\n<p>Independientemente de cu\u00e1l sea su empleo o de los productos o servicios que ofrezca su empresa, probablemente ya se haya dado cuenta de que necesita una presencia en la web para que las personas puedan encontrarlo en Internet. Quiz\u00e1s ya cuente con un s\u00f3lido sitio web y haya invertido dinero en la Optimizaci\u00f3n de motores de b\u00fasqueda (SEO, por sus siglas en ingl\u00e9s) o campa\u00f1as de Pago por clic (PPC). Con la llegada de los medios sociales, pasamos cada vez m\u00e1s tiempo en estas comunidades en l\u00ednea, y por lo tanto, quiz\u00e1s ya haya dado el primer paso y creado alg\u00fan perfil b\u00e1sico en los medios sociales; o quiz\u00e1s lo est\u00e9 evitando porque no le encuentra ning\u00fan retorno a la inversi\u00f3n necesaria para tener una presencia \u201csocial.\u201d<\/p>\n<p>El problema que nos presentan la mayor\u00eda de nuestros clientes es que la totalidad de su presencia digital se encuentra fuera de sincron\u00eda con la conducta en l\u00ednea que tienen sus fan\u00e1ticos y futuros consumidores. El \u201cdesarrollo de la marca\u201d es la clave para establecer las expectativas que sus fan\u00e1ticos tienen sobre usted, y debe ser coherente tanto en su presencia digital como en su sitio web y en todos los canales sociales. Asimismo, debe estar en sinton\u00eda con su persona y con los productos y servicios que ofrece.<\/p>\n<p>Tras la creaci\u00f3n de una estrategia integral para los medios sociales, trabajaremos en conjunto con usted para optimizar toda la experiencia de su marca en el terreno digital y alinear su presencia en l\u00ednea con las expectativas de sus fan\u00e1ticos. Esto incluye la optimizaci\u00f3n de los siguientes tipos de propiedades digitales y sociales:<\/p>\n<ul>\n<li>Logotipos e \u00edconos<\/li>\n<li>Redise\u00f1o o revisi\u00f3n del sitio web<\/li>\n<li>Creaci\u00f3n de blogs<\/li>\n<li>Configuraci\u00f3n y dise\u00f1o de plantilla para bolet\u00edn electr\u00f3nico de noticias<\/li>\n<li>Creaci\u00f3n y optimizaci\u00f3n de perfiles en medios sociales (Facebook, Twitter, Google+, LinkedIn, YouTube, etc.)<\/li>\n<li>Creaci\u00f3n de aplicaciones personalizadas en Facebook<\/li>\n<li>Pesta\u00f1as personalizadas en Facebook<\/li>\n<li>Otros activos de marketing digital (sondeos, encuestas, etc.)<\/li>\n<\/ul>\n<p>La atracci\u00f3n en los medios sociales har\u00e1 que m\u00e1s personas visiten su sitio web y otros perfiles, y es por eso que ahora es m\u00e1s importante que nunca realinear el desarrollo de su marca en los medios digitales y sociales. La optimizaci\u00f3n del desarrollo de la marca en medios digitales va de la mano con su estrategia para medios sociales a fin de asegurar que le brinde a sus fan\u00e1ticos una experiencia de marca coherente tanto en los medios digitales como sociales.<\/p>\n<h3>\u00bfLe interesa conocer m\u00e1s sobre los Servicios de optimizaci\u00f3n del desarrollo de la marca en medios digitales que ofrece Green Dream Social?\u00a0<a href=\"http:\/\/www.greendreamsocial.com\/espanol\/contact\/\" target=\"_blank\">\u00a1Comun\u00edquese con nosotros!<\/a><\/h3>\n<p><!--:--><\/p>\n","protected":false},"excerpt":{"rendered":"<p>Independientemente de cu\u00e1l sea su empleo o de los productos o servicios que ofrezca su empresa, probablemente ya se haya dado cuenta de que necesita una presencia en la web para que las personas puedan encontrarlo en Internet. Quiz\u00e1s ya cuente con un s\u00f3lido sitio web y haya invertido dinero en la Optimizaci\u00f3n de motores [&hellip;]<\/p>\n","protected":false},"author":1,"featured_media":0,"parent":43,"menu_order":0,"comment_status":"open","ping_status":"closed","template":"template-fullwidth.php","meta":[],"_links":{"self":[{"href":"http:\/\/www.greendreamsocial.com\/espanol\/wp-json\/wp\/v2\/pages\/200"}],"collection":[{"href":"http:\/\/www.greendreamsocial.com\/espanol\/wp-json\/wp\/v2\/pages"}],"about":[{"href":"http:\/\/www.greendreamsocial.com\/espanol\/wp-json\/wp\/v2\/types\/page"}],"author":[{"embeddable":true,"href":"http:\/\/www.greendreamsocial.com\/espanol\/wp-json\/wp\/v2\/users\/1"}],"replies":[{"embeddable":true,"href":"http:\/\/www.greendreamsocial.com\/espanol\/wp-json\/wp\/v2\/comments?post=200"}],"version-history":[{"count":4,"href":"http:\/\/www.greendreamsocial.com\/espanol\/wp-json\/wp\/v2\/pages\/200\/revisions"}],"predecessor-version":[{"id":502,"href":"http:\/\/www.greendreamsocial.com\/espanol\/wp-json\/wp\/v2\/pages\/200\/revisions\/502"}],"up":[{"embeddable":true,"href":"http:\/\/www.greendreamsocial.com\/espanol\/wp-json\/wp\/v2\/pages\/43"}],"wp:attachment":[{"href":"http:\/\/www.greendreamsocial.com\/espanol\/wp-json\/wp\/v2\/media?parent=200"}],"curies":[{"name":"wp","href":"https:\/\/api.w.org\/{rel}","templated":true}]}}